{"id":14072,"date":"2026-04-04T06:16:33","date_gmt":"2026-04-04T06:16:33","guid":{"rendered":"https:\/\/concisenames.shop\/?post_type=product&#038;p=14072"},"modified":"2026-04-04T06:24:00","modified_gmt":"2026-04-04T06:24:00","slug":"bsmoom-arrancador-de-bateria-de-coche-de-12v-paquete-de-refuerzo-de-bateria-automatico-de-pico-de-6000a-banco-de-energia-caja-de-salto-con-luz-led-pantalla-lcd","status":"publish","type":"product","link":"https:\/\/concisenames.shop\/es\/product\/bsmoom-arrancador-de-bateria-de-coche-de-12v-paquete-de-refuerzo-de-bateria-automatico-de-pico-de-6000a-banco-de-energia-caja-de-salto-con-luz-led-pantalla-lcd\/","title":{"rendered":"BSMOOM Arrancador de bater\u00eda de coche de 12V, paquete de refuerzo de bater\u00eda autom\u00e1tico de pico de 6000A, Banco de energ\u00eda, caja de salto, Con luz LED, pantalla LCD"},"content":{"rendered":"<div data-elementor-type=\"product-post\" data-elementor-id=\"14072\" class=\"elementor elementor-14072\" data-elementor-post-type=\"product\">\n\t\t\t\t<div class=\"elementor-element elementor-element-cac627 e-flex e-con-boxed e-con e-parent\" data-id=\"cac627\" data-element_type=\"container\" data-settings=\"{&quot;ekit_has_onepagescroll_dot&quot;:&quot;yes&quot;}\">\n\t\t\t\t\t<div class=\"e-con-inner\">\n\t\t<div class=\"elementor-element elementor-element-2529766c e-grid e-con-full e-con e-child\" data-id=\"2529766c\" data-element_type=\"container\" data-settings=\"{&quot;ekit_has_onepagescroll_dot&quot;:&quot;yes&quot;}\">\n\t\t\t\t<div class=\"elementor-element elementor-element-1331b35c elementor-widget elementor-widget-video\" data-id=\"1331b35c\" data-element_type=\"widget\" data-settings=\"{&quot;video_type&quot;:&quot;hosted&quot;,&quot;controls&quot;:&quot;yes&quot;,&quot;ekit_we_effect_on&quot;:&quot;none&quot;}\" data-widget_type=\"video.default\">\n\t\t\t\t<div class=\"elementor-widget-container\">\n\t\t\t\t\t\t\t<div class=\"e-hosted-video elementor-wrapper elementor-open-inline\">\n\t\t\t\t\t<video class=\"elementor-video\" src=\"https:\/\/concisenames.shop\/wp-content\/uploads\/2026\/04\/video_2026-04-04_10-22-52.mp4\" controls=\"\" preload=\"metadata\" controlslist=\"nodownload\"><\/video>\n\t\t\t\t<\/div>\n\t\t\t\t\t\t<\/div>\n\t\t\t\t<\/div>\n\t\t\t\t<div class=\"elementor-element elementor-element-41654a9e elementor-widget elementor-widget-text-editor\" data-id=\"41654a9e\" data-element_type=\"widget\" data-settings=\"{&quot;ekit_we_effect_on&quot;:&quot;none&quot;}\" data-widget_type=\"text-editor.default\">\n\t\t\t\t<div class=\"elementor-widget-container\">\n\t\t\t\t\t\t\t\t\t<!DOCTYPE html>\n<html lang=\"en\">\n<head>\n<meta charset=\"UTF-8\">\n<meta name=\"viewport\" content=\"width=device-width, initial-scale=1.0\">\n<title>Product Details<\/title>\n<style>\n  * {\n    margin: 0;\n    padding: 0;\n    box-sizing: border-box;\n  }\n  body {\n    background: transparent;\n    font-family: 'Inter', 'Segoe UI', system-ui, sans-serif;\n  }\n  .spec-table {\n    width: 100%;\n    border-collapse: collapse;\n    font-size: 14px;\n    line-height: 1.8;\n  }\n  .spec-table tr {\n    border-bottom: 1px solid #e6eef7;\n  }\n  .spec-table td:nth-child(1),\n  .spec-table td:nth-child(3) {\n    width: 20%;\n    font-weight: 500;\n    color: #2d70b3;\n    background: #f5f9ff;\n    padding: 12px 14px;\n    text-align: left;\n    vertical-align: top;\n  }\n  .spec-table td:nth-child(2),\n  .spec-table td:nth-child(4) {\n    width: 30%;\n    color: #333;\n    background: #fff;\n    padding: 12px 14px;\n    text-align: left;\n    vertical-align: top;\n  }\n<\/style>\n<\/head>\n<body>\n\n<table class=\"spec-table\">\n  <tr>\n    <td>Brand<\/td>\n    <td>BSMOOM<\/td>\n    <td>Voltage<\/td>\n    <td>12V<\/td>\n  <\/tr>\n  <tr>\n    <td>Peak Current<\/td>\n    <td>6000A<\/td>\n    <td>Function<\/td>\n    <td>Car Jump Starter<\/td>\n  <\/tr>\n  <tr>\n    <td>Extra Feature<\/td>\n    <td>Power Bank<\/td>\n    <td>Light<\/td>\n    <td>LED Light<\/td>\n  <\/tr>\n  <tr>\n    <td>Display<\/td>\n    <td>LCD Screen<\/td>\n    <td>Usage<\/td>\n    <td>Auto Battery Booster<\/td>\n  <\/tr>\n<\/table>\n\n<\/body>\n<\/html>\t\t\t\t\t\t\t\t<\/div>\n\t\t\t\t<\/div>\n\t\t\t\t<\/div>\n\t\t\t\t\t<\/div>\n\t\t\t\t<\/div>\n\t\t<div class=\"elementor-element elementor-element-518401f8 e-flex e-con-boxed e-con e-parent\" data-id=\"518401f8\" data-element_type=\"container\" data-settings=\"{&quot;ekit_has_onepagescroll_dot&quot;:&quot;yes&quot;}\">\n\t\t\t\t\t<div class=\"e-con-inner\">\n\t\t\t\t<div class=\"elementor-element elementor-element-2f53044f elementor-widget elementor-widget-image\" data-id=\"2f53044f\" data-element_type=\"widget\" data-settings=\"{&quot;ekit_we_effect_on&quot;:&quot;none&quot;}\" data-widget_type=\"image.default\">\n\t\t\t\t<div class=\"elementor-widget-container\">\n\t\t\t\t\t\t\t\t\t\t\t\t\t\t\t<img loading=\"lazy\" decoding=\"async\" width=\"970\" height=\"300\" src=\"https:\/\/concisenames.shop\/wp-content\/uploads\/2026\/04\/fbfcb819-314d-468a-b9f9-0add682e93e6.__CR00970300_PT0_SX970_V1___.png\" class=\"attachment-full size-full wp-image-14083 wvs-archive-product-image\" alt=\"\" srcset=\"https:\/\/concisenames.shop\/wp-content\/uploads\/2026\/04\/fbfcb819-314d-468a-b9f9-0add682e93e6.__CR00970300_PT0_SX970_V1___.png 970w, https:\/\/concisenames.shop\/wp-content\/uploads\/2026\/04\/fbfcb819-314d-468a-b9f9-0add682e93e6.__CR00970300_PT0_SX970_V1___-300x93.png 300w, https:\/\/concisenames.shop\/wp-content\/uploads\/2026\/04\/fbfcb819-314d-468a-b9f9-0add682e93e6.__CR00970300_PT0_SX970_V1___-768x238.png 768w, https:\/\/concisenames.shop\/wp-content\/uploads\/2026\/04\/fbfcb819-314d-468a-b9f9-0add682e93e6.__CR00970300_PT0_SX970_V1___-18x6.png 18w, https:\/\/concisenames.shop\/wp-content\/uploads\/2026\/04\/fbfcb819-314d-468a-b9f9-0add682e93e6.__CR00970300_PT0_SX970_V1___-600x186.png 600w, https:\/\/concisenames.shop\/wp-content\/uploads\/2026\/04\/fbfcb819-314d-468a-b9f9-0add682e93e6.__CR00970300_PT0_SX970_V1___-1x1.png 1w, https:\/\/concisenames.shop\/wp-content\/uploads\/2026\/04\/fbfcb819-314d-468a-b9f9-0add682e93e6.__CR00970300_PT0_SX970_V1___-10x3.png 10w\" sizes=\"auto, (max-width: 970px) 100vw, 970px\" \/>\t\t\t\t\t\t\t\t\t\t\t\t\t\t\t<\/div>\n\t\t\t\t<\/div>\n\t\t\t\t<div class=\"elementor-element elementor-element-4248cc2f elementor-widget elementor-widget-image\" data-id=\"4248cc2f\" data-element_type=\"widget\" data-settings=\"{&quot;ekit_we_effect_on&quot;:&quot;none&quot;}\" data-widget_type=\"image.default\">\n\t\t\t\t<div class=\"elementor-widget-container\">\n\t\t\t\t\t\t\t\t\t\t\t\t\t\t\t<img loading=\"lazy\" decoding=\"async\" width=\"970\" height=\"300\" src=\"https:\/\/concisenames.shop\/wp-content\/uploads\/2026\/04\/411cf25b-7fd5-4631-a0d6-7e96cb79c631.__CR00970300_PT0_SX970_V1___.png\" class=\"attachment-full size-full wp-image-14084 wvs-archive-product-image\" alt=\"\" srcset=\"https:\/\/concisenames.shop\/wp-content\/uploads\/2026\/04\/411cf25b-7fd5-4631-a0d6-7e96cb79c631.__CR00970300_PT0_SX970_V1___.png 970w, https:\/\/concisenames.shop\/wp-content\/uploads\/2026\/04\/411cf25b-7fd5-4631-a0d6-7e96cb79c631.__CR00970300_PT0_SX970_V1___-300x93.png 300w, https:\/\/concisenames.shop\/wp-content\/uploads\/2026\/04\/411cf25b-7fd5-4631-a0d6-7e96cb79c631.__CR00970300_PT0_SX970_V1___-768x238.png 768w, https:\/\/concisenames.shop\/wp-content\/uploads\/2026\/04\/411cf25b-7fd5-4631-a0d6-7e96cb79c631.__CR00970300_PT0_SX970_V1___-18x6.png 18w, https:\/\/concisenames.shop\/wp-content\/uploads\/2026\/04\/411cf25b-7fd5-4631-a0d6-7e96cb79c631.__CR00970300_PT0_SX970_V1___-600x186.png 600w, https:\/\/concisenames.shop\/wp-content\/uploads\/2026\/04\/411cf25b-7fd5-4631-a0d6-7e96cb79c631.__CR00970300_PT0_SX970_V1___-1x1.png 1w, https:\/\/concisenames.shop\/wp-content\/uploads\/2026\/04\/411cf25b-7fd5-4631-a0d6-7e96cb79c631.__CR00970300_PT0_SX970_V1___-10x3.png 10w\" sizes=\"auto, (max-width: 970px) 100vw, 970px\" \/>\t\t\t\t\t\t\t\t\t\t\t\t\t\t\t<\/div>\n\t\t\t\t<\/div>\n\t\t<div class=\"elementor-element elementor-element-872ff7e e-grid e-con-full e-con e-child\" data-id=\"872ff7e\" data-element_type=\"container\" data-settings=\"{&quot;ekit_has_onepagescroll_dot&quot;:&quot;yes&quot;}\">\n\t\t\t\t<div class=\"elementor-element elementor-element-6a45e75e elementor-position-top elementor-widget elementor-widget-image-box\" data-id=\"6a45e75e\" data-element_type=\"widget\" data-settings=\"{&quot;ekit_we_effect_on&quot;:&quot;none&quot;}\" data-widget_type=\"image-box.default\">\n\t\t\t\t<div class=\"elementor-widget-container\">\n\t\t\t\t\t<div class=\"elementor-image-box-wrapper\"><figure class=\"elementor-image-box-img\"><img loading=\"lazy\" decoding=\"async\" width=\"300\" height=\"300\" src=\"https:\/\/concisenames.shop\/wp-content\/uploads\/2026\/04\/f2ee24a5-3e44-4d52-80bc-22442cc750fa.__CR00300300_PT0_SX300_V1___.png\" class=\"attachment-full size-full wp-image-14085 wvs-archive-product-image\" alt=\"\" srcset=\"https:\/\/concisenames.shop\/wp-content\/uploads\/2026\/04\/f2ee24a5-3e44-4d52-80bc-22442cc750fa.__CR00300300_PT0_SX300_V1___.png 300w, https:\/\/concisenames.shop\/wp-content\/uploads\/2026\/04\/f2ee24a5-3e44-4d52-80bc-22442cc750fa.__CR00300300_PT0_SX300_V1___-150x150.png 150w, https:\/\/concisenames.shop\/wp-content\/uploads\/2026\/04\/f2ee24a5-3e44-4d52-80bc-22442cc750fa.__CR00300300_PT0_SX300_V1___-12x12.png 12w, https:\/\/concisenames.shop\/wp-content\/uploads\/2026\/04\/f2ee24a5-3e44-4d52-80bc-22442cc750fa.__CR00300300_PT0_SX300_V1___-100x100.png 100w, https:\/\/concisenames.shop\/wp-content\/uploads\/2026\/04\/f2ee24a5-3e44-4d52-80bc-22442cc750fa.__CR00300300_PT0_SX300_V1___-50x50.png 50w, https:\/\/concisenames.shop\/wp-content\/uploads\/2026\/04\/f2ee24a5-3e44-4d52-80bc-22442cc750fa.__CR00300300_PT0_SX300_V1___-1x1.png 1w, https:\/\/concisenames.shop\/wp-content\/uploads\/2026\/04\/f2ee24a5-3e44-4d52-80bc-22442cc750fa.__CR00300300_PT0_SX300_V1___-10x10.png 10w\" sizes=\"auto, (max-width: 300px) 100vw, 300px\" \/><\/figure><div class=\"elementor-image-box-content\"><h3 class=\"elementor-image-box-title\">Versatile Emergency LED Light<\/h3><p class=\"elementor-image-box-description\">Equipped with a built-in LED flashlight, this jump starter features four modes: Flashlight, Strobe, SOS, and Warning.\nAn essential car accessory for emergencies, it ensures you\u2019re prepared whether stranded at night or signaling for assistance.\nThe multifunctional lighting options enhance visibility and safety in critical situations.<\/p><\/div><\/div>\t\t\t\t<\/div>\n\t\t\t\t<\/div>\n\t\t\t\t<div class=\"elementor-element elementor-element-182fd385 elementor-position-top elementor-widget elementor-widget-image-box\" data-id=\"182fd385\" data-element_type=\"widget\" data-settings=\"{&quot;ekit_we_effect_on&quot;:&quot;none&quot;}\" data-widget_type=\"image-box.default\">\n\t\t\t\t<div class=\"elementor-widget-container\">\n\t\t\t\t\t<div class=\"elementor-image-box-wrapper\"><figure class=\"elementor-image-box-img\"><img loading=\"lazy\" decoding=\"async\" width=\"300\" height=\"300\" src=\"https:\/\/concisenames.shop\/wp-content\/uploads\/2026\/04\/041071df-3274-4eb9-b630-d6916775e789.__CR00300300_PT0_SX300_V1___.png\" class=\"attachment-full size-full wp-image-14086 wvs-archive-product-image\" alt=\"\" srcset=\"https:\/\/concisenames.shop\/wp-content\/uploads\/2026\/04\/041071df-3274-4eb9-b630-d6916775e789.__CR00300300_PT0_SX300_V1___.png 300w, https:\/\/concisenames.shop\/wp-content\/uploads\/2026\/04\/041071df-3274-4eb9-b630-d6916775e789.__CR00300300_PT0_SX300_V1___-150x150.png 150w, https:\/\/concisenames.shop\/wp-content\/uploads\/2026\/04\/041071df-3274-4eb9-b630-d6916775e789.__CR00300300_PT0_SX300_V1___-12x12.png 12w, https:\/\/concisenames.shop\/wp-content\/uploads\/2026\/04\/041071df-3274-4eb9-b630-d6916775e789.__CR00300300_PT0_SX300_V1___-100x100.png 100w, https:\/\/concisenames.shop\/wp-content\/uploads\/2026\/04\/041071df-3274-4eb9-b630-d6916775e789.__CR00300300_PT0_SX300_V1___-50x50.png 50w, https:\/\/concisenames.shop\/wp-content\/uploads\/2026\/04\/041071df-3274-4eb9-b630-d6916775e789.__CR00300300_PT0_SX300_V1___-1x1.png 1w, https:\/\/concisenames.shop\/wp-content\/uploads\/2026\/04\/041071df-3274-4eb9-b630-d6916775e789.__CR00300300_PT0_SX300_V1___-10x10.png 10w\" sizes=\"auto, (max-width: 300px) 100vw, 300px\" \/><\/figure><div class=\"elementor-image-box-content\"><h3 class=\"elementor-image-box-title\">High-Performance Car Battery Jump Starter<\/h3><p class=\"elementor-image-box-description\">A peak current of 3000A enables the 3000A Car Battery Jump Starter to jump-start 12V vehicles with engines up to 7.0L Gas and 5.5L Diesel.\nPerfect for cars, trucks, motorcycles, boats, and RVs, it provides reliable performance in extreme temperatures.<\/p><\/div><\/div>\t\t\t\t<\/div>\n\t\t\t\t<\/div>\n\t\t\t\t<div class=\"elementor-element elementor-element-46ef71d4 elementor-position-top elementor-widget elementor-widget-image-box\" data-id=\"46ef71d4\" data-element_type=\"widget\" data-settings=\"{&quot;ekit_we_effect_on&quot;:&quot;none&quot;}\" data-widget_type=\"image-box.default\">\n\t\t\t\t<div class=\"elementor-widget-container\">\n\t\t\t\t\t<div class=\"elementor-image-box-wrapper\"><figure class=\"elementor-image-box-img\"><img loading=\"lazy\" decoding=\"async\" width=\"1500\" height=\"1500\" src=\"https:\/\/concisenames.shop\/wp-content\/uploads\/2026\/04\/71-GPhPwFaL._AC_SL1500_-1.jpg\" class=\"attachment-full size-full wp-image-14087 wvs-archive-product-image\" alt=\"\" srcset=\"https:\/\/concisenames.shop\/wp-content\/uploads\/2026\/04\/71-GPhPwFaL._AC_SL1500_-1.jpg 1500w, https:\/\/concisenames.shop\/wp-content\/uploads\/2026\/04\/71-GPhPwFaL._AC_SL1500_-1-300x300.jpg 300w, https:\/\/concisenames.shop\/wp-content\/uploads\/2026\/04\/71-GPhPwFaL._AC_SL1500_-1-1024x1024.jpg 1024w, https:\/\/concisenames.shop\/wp-content\/uploads\/2026\/04\/71-GPhPwFaL._AC_SL1500_-1-150x150.jpg 150w, https:\/\/concisenames.shop\/wp-content\/uploads\/2026\/04\/71-GPhPwFaL._AC_SL1500_-1-768x768.jpg 768w, https:\/\/concisenames.shop\/wp-content\/uploads\/2026\/04\/71-GPhPwFaL._AC_SL1500_-1-12x12.jpg 12w, https:\/\/concisenames.shop\/wp-content\/uploads\/2026\/04\/71-GPhPwFaL._AC_SL1500_-1-600x600.jpg 600w, https:\/\/concisenames.shop\/wp-content\/uploads\/2026\/04\/71-GPhPwFaL._AC_SL1500_-1-100x100.jpg 100w, https:\/\/concisenames.shop\/wp-content\/uploads\/2026\/04\/71-GPhPwFaL._AC_SL1500_-1-50x50.jpg 50w, https:\/\/concisenames.shop\/wp-content\/uploads\/2026\/04\/71-GPhPwFaL._AC_SL1500_-1-1x1.jpg 1w, https:\/\/concisenames.shop\/wp-content\/uploads\/2026\/04\/71-GPhPwFaL._AC_SL1500_-1-10x10.jpg 10w\" sizes=\"auto, (max-width: 1500px) 100vw, 1500px\" \/><\/figure><div class=\"elementor-image-box-content\"><h3 class=\"elementor-image-box-title\">Powerful Portable Power Bank<\/h3><p class=\"elementor-image-box-description\">Functions as a versatile power bank with 18W Type-C input and multiple USB outputs (5V 2.4A, 5V\/9V\/12V fast charging) to keep your devices powered up quickly.\nThis versatile device serves not only as a portable battery jump starter but also features dual USB outputs, including a Quick Charge 3.0 port for rapid charging of your mobile devices.<\/p><\/div><\/div>\t\t\t\t<\/div>\n\t\t\t\t<\/div>\n\t\t\t\t<\/div>\n\t\t\t\t\t<\/div>\n\t\t\t\t<\/div>\n\t\t<div class=\"elementor-element elementor-element-715b6d79 e-flex e-con-boxed e-con e-parent\" data-id=\"715b6d79\" data-element_type=\"container\" data-settings=\"{&quot;ekit_has_onepagescroll_dot&quot;:&quot;yes&quot;}\">\n\t\t\t\t\t<div class=\"e-con-inner\">\n\t\t\t\t<div class=\"elementor-element elementor-element-2f173196 elementor-widget elementor-widget-image\" data-id=\"2f173196\" data-element_type=\"widget\" data-settings=\"{&quot;ekit_we_effect_on&quot;:&quot;none&quot;}\" data-widget_type=\"image.default\">\n\t\t\t\t<div class=\"elementor-widget-container\">\n\t\t\t\t\t\t\t\t\t\t\t\t\t\t\t<img loading=\"lazy\" decoding=\"async\" width=\"970\" height=\"600\" src=\"https:\/\/concisenames.shop\/wp-content\/uploads\/2026\/04\/3b5cde6e-fbf0-4262-9df9-2d939a49623e.__CR00970600_PT0_SX970_V1___.png\" class=\"attachment-full size-full wp-image-14088 wvs-archive-product-image\" alt=\"\" srcset=\"https:\/\/concisenames.shop\/wp-content\/uploads\/2026\/04\/3b5cde6e-fbf0-4262-9df9-2d939a49623e.__CR00970600_PT0_SX970_V1___.png 970w, https:\/\/concisenames.shop\/wp-content\/uploads\/2026\/04\/3b5cde6e-fbf0-4262-9df9-2d939a49623e.__CR00970600_PT0_SX970_V1___-300x186.png 300w, https:\/\/concisenames.shop\/wp-content\/uploads\/2026\/04\/3b5cde6e-fbf0-4262-9df9-2d939a49623e.__CR00970600_PT0_SX970_V1___-768x475.png 768w, https:\/\/concisenames.shop\/wp-content\/uploads\/2026\/04\/3b5cde6e-fbf0-4262-9df9-2d939a49623e.__CR00970600_PT0_SX970_V1___-18x12.png 18w, https:\/\/concisenames.shop\/wp-content\/uploads\/2026\/04\/3b5cde6e-fbf0-4262-9df9-2d939a49623e.__CR00970600_PT0_SX970_V1___-600x371.png 600w, https:\/\/concisenames.shop\/wp-content\/uploads\/2026\/04\/3b5cde6e-fbf0-4262-9df9-2d939a49623e.__CR00970600_PT0_SX970_V1___-1x1.png 1w, https:\/\/concisenames.shop\/wp-content\/uploads\/2026\/04\/3b5cde6e-fbf0-4262-9df9-2d939a49623e.__CR00970600_PT0_SX970_V1___-10x6.png 10w\" sizes=\"auto, (max-width: 970px) 100vw, 970px\" \/>\t\t\t\t\t\t\t\t\t\t\t\t\t\t\t<\/div>\n\t\t\t\t<\/div>\n\t\t\t\t<div class=\"elementor-element elementor-element-4d8d3d0c elementor-widget elementor-widget-image\" data-id=\"4d8d3d0c\" data-element_type=\"widget\" data-settings=\"{&quot;ekit_we_effect_on&quot;:&quot;none&quot;}\" data-widget_type=\"image.default\">\n\t\t\t\t<div class=\"elementor-widget-container\">\n\t\t\t\t\t\t\t\t\t\t\t\t\t\t\t<img loading=\"lazy\" decoding=\"async\" width=\"970\" height=\"600\" src=\"https:\/\/concisenames.shop\/wp-content\/uploads\/2026\/04\/d2a527e5-c6f2-4967-99cb-4dc26f70c796.__CR00970600_PT0_SX970_V1___-2.png\" class=\"attachment-full size-full wp-image-14089 wvs-archive-product-image\" alt=\"\" srcset=\"https:\/\/concisenames.shop\/wp-content\/uploads\/2026\/04\/d2a527e5-c6f2-4967-99cb-4dc26f70c796.__CR00970600_PT0_SX970_V1___-2.png 970w, https:\/\/concisenames.shop\/wp-content\/uploads\/2026\/04\/d2a527e5-c6f2-4967-99cb-4dc26f70c796.__CR00970600_PT0_SX970_V1___-2-300x186.png 300w, https:\/\/concisenames.shop\/wp-content\/uploads\/2026\/04\/d2a527e5-c6f2-4967-99cb-4dc26f70c796.__CR00970600_PT0_SX970_V1___-2-768x475.png 768w, https:\/\/concisenames.shop\/wp-content\/uploads\/2026\/04\/d2a527e5-c6f2-4967-99cb-4dc26f70c796.__CR00970600_PT0_SX970_V1___-2-18x12.png 18w, https:\/\/concisenames.shop\/wp-content\/uploads\/2026\/04\/d2a527e5-c6f2-4967-99cb-4dc26f70c796.__CR00970600_PT0_SX970_V1___-2-600x371.png 600w, https:\/\/concisenames.shop\/wp-content\/uploads\/2026\/04\/d2a527e5-c6f2-4967-99cb-4dc26f70c796.__CR00970600_PT0_SX970_V1___-2-1x1.png 1w, https:\/\/concisenames.shop\/wp-content\/uploads\/2026\/04\/d2a527e5-c6f2-4967-99cb-4dc26f70c796.__CR00970600_PT0_SX970_V1___-2-10x6.png 10w\" sizes=\"auto, (max-width: 970px) 100vw, 970px\" \/>\t\t\t\t\t\t\t\t\t\t\t\t\t\t\t<\/div>\n\t\t\t\t<\/div>\n\t\t\t\t<div class=\"elementor-element elementor-element-42639d41 elementor-widget elementor-widget-image\" data-id=\"42639d41\" data-element_type=\"widget\" data-settings=\"{&quot;ekit_we_effect_on&quot;:&quot;none&quot;}\" data-widget_type=\"image.default\">\n\t\t\t\t<div class=\"elementor-widget-container\">\n\t\t\t\t\t\t\t\t\t\t\t\t\t\t\t<img loading=\"lazy\" decoding=\"async\" width=\"970\" height=\"300\" src=\"https:\/\/concisenames.shop\/wp-content\/uploads\/2026\/04\/bb5b3e60-3cd3-4db5-8c10-26f7c2a839cc.__CR00970300_PT0_SX970_V1___.png\" class=\"attachment-full size-full wp-image-14090 wvs-archive-product-image\" alt=\"\" srcset=\"https:\/\/concisenames.shop\/wp-content\/uploads\/2026\/04\/bb5b3e60-3cd3-4db5-8c10-26f7c2a839cc.__CR00970300_PT0_SX970_V1___.png 970w, https:\/\/concisenames.shop\/wp-content\/uploads\/2026\/04\/bb5b3e60-3cd3-4db5-8c10-26f7c2a839cc.__CR00970300_PT0_SX970_V1___-300x93.png 300w, https:\/\/concisenames.shop\/wp-content\/uploads\/2026\/04\/bb5b3e60-3cd3-4db5-8c10-26f7c2a839cc.__CR00970300_PT0_SX970_V1___-768x238.png 768w, https:\/\/concisenames.shop\/wp-content\/uploads\/2026\/04\/bb5b3e60-3cd3-4db5-8c10-26f7c2a839cc.__CR00970300_PT0_SX970_V1___-18x6.png 18w, https:\/\/concisenames.shop\/wp-content\/uploads\/2026\/04\/bb5b3e60-3cd3-4db5-8c10-26f7c2a839cc.__CR00970300_PT0_SX970_V1___-600x186.png 600w, https:\/\/concisenames.shop\/wp-content\/uploads\/2026\/04\/bb5b3e60-3cd3-4db5-8c10-26f7c2a839cc.__CR00970300_PT0_SX970_V1___-1x1.png 1w, https:\/\/concisenames.shop\/wp-content\/uploads\/2026\/04\/bb5b3e60-3cd3-4db5-8c10-26f7c2a839cc.__CR00970300_PT0_SX970_V1___-10x3.png 10w\" sizes=\"auto, (max-width: 970px) 100vw, 970px\" \/>\t\t\t\t\t\t\t\t\t\t\t\t\t\t\t<\/div>\n\t\t\t\t<\/div>\n\t\t\t\t\t<\/div>\n\t\t\t\t<\/div>\n\t\t\t\t<\/div>","protected":false},"excerpt":{"rendered":"<p>https:\/\/concisenames.shop\/wp-content\/uploads\/2026\/04\/video_2026-04-04_10-22-52.mp4 Product Details Brand BSMOOM Voltage 12V Peak Current 6000A Function Car Jump Starter Extra Feature Power Bank Light LED&#8230;<\/p>","protected":false},"featured_media":14073,"comment_status":"open","ping_status":"closed","template":"","meta":{"_acf_changed":false},"etheme_brands":[],"product_brand":[],"product_cat":[118],"product_tag":[],"class_list":{"0":"post-14072","1":"product","2":"type-product","3":"status-publish","4":"has-post-thumbnail","6":"product_cat-sale-shop","8":"first","9":"instock","10":"sale","11":"shipping-taxable","12":"purchasable","13":"product-type-simple"},"acf":[],"_links":{"self":[{"href":"https:\/\/concisenames.shop\/es\/wp-json\/wp\/v2\/product\/14072","targetHints":{"allow":["GET"]}}],"collection":[{"href":"https:\/\/concisenames.shop\/es\/wp-json\/wp\/v2\/product"}],"about":[{"href":"https:\/\/concisenames.shop\/es\/wp-json\/wp\/v2\/types\/product"}],"replies":[{"embeddable":true,"href":"https:\/\/concisenames.shop\/es\/wp-json\/wp\/v2\/comments?post=14072"}],"version-history":[{"count":4,"href":"https:\/\/concisenames.shop\/es\/wp-json\/wp\/v2\/product\/14072\/revisions"}],"predecessor-version":[{"id":14098,"href":"https:\/\/concisenames.shop\/es\/wp-json\/wp\/v2\/product\/14072\/revisions\/14098"}],"wp:featuredmedia":[{"embeddable":true,"href":"https:\/\/concisenames.shop\/es\/wp-json\/wp\/v2\/media\/14073"}],"wp:attachment":[{"href":"https:\/\/concisenames.shop\/es\/wp-json\/wp\/v2\/media?parent=14072"}],"wp:term":[{"taxonomy":"brand","embeddable":true,"href":"https:\/\/concisenames.shop\/es\/wp-json\/wp\/v2\/etheme_brands?post=14072"},{"taxonomy":"product_brand","embeddable":true,"href":"https:\/\/concisenames.shop\/es\/wp-json\/wp\/v2\/product_brand?post=14072"},{"taxonomy":"product_cat","embeddable":true,"href":"https:\/\/concisenames.shop\/es\/wp-json\/wp\/v2\/product_cat?post=14072"},{"taxonomy":"product_tag","embeddable":true,"href":"https:\/\/concisenames.shop\/es\/wp-json\/wp\/v2\/product_tag?post=14072"}],"curies":[{"name":"wp","href":"https:\/\/api.w.org\/{rel}","templated":true}]}}